{"id":55,"date":"2022-02-14T20:11:03","date_gmt":"2022-02-14T20:11:03","guid":{"rendered":"https:\/\/zenandestate.com\/home\/"},"modified":"2022-03-04T06:26:08","modified_gmt":"2022-03-04T06:26:08","slug":"anasayfa","status":"publish","type":"page","link":"https:\/\/zenandestate.com\/tr\/","title":{"rendered":"Anasayfa"},"content":{"rendered":"\n\n\n\n<h3>hizmetlerimiz<\/h3>\n\n\n\n<p style=\"text-align: center\">Gayrimenkul sekt\u00f6r\u00fc; bir in\u015faat\u0131n temelinden \u00e7at\u0131s\u0131na kadar bilgi, birikim ve itina ile i\u015f yapan insan kaynaklar\u0131 gerektirir.&nbsp;<\/p><p style=\"text-align: center\">Bir i\u015f; ne kadar bilimle, bilgiyle ve yeterlilikle yap\u0131l\u0131rsa o kadar insana dair olur.&nbsp;<\/p><p style=\"text-align: center\">Profesyonel ekibimizle haz\u0131r\u0131z&#8230; <\/p>\n\n\n\n\n<p>Konut se\u00e7imi al\u0131c\u0131lar\u0131n hayat\u0131ndaki en \u00f6nemli karard\u0131r. Onlar\u0131n kendilerini g\u00fcvende hissetmelerini, sadece s\u00f6zlerinizle de\u011fil ayn\u0131 zamanda sunaca\u011f\u0131n\u0131z di\u011fer hukuksal, yaz\u0131l\u0131 ve g\u00f6rsel materyallerle de desteklenmesi gerekmektedir.<\/p>\n\n\n\n\n<p>Sat\u0131\u015f ekipleri, proje detaylar\u0131 hakk\u0131nda bilgilendirilerek, iyi bir proje e\u011fitimine tabi tutulmal\u0131d\u0131r. Ekipler, projenin farkl\u0131 al\u0131c\u0131 gruplar\u0131 hakk\u0131nda bilin\u00e7lendirilmeli ve \u00f6n plana \u00e7\u0131kar\u0131lmas\u0131 gereken proje \u00f6zellikleri ile ilgili sat\u0131\u015f e\u011fitimleri verilmelidir.<\/p>\n\n\n\n\n<p>Sat\u0131\u015f ekiplerinin proje sunumlar\u0131 ve temel sorulara verdikleri cevaplar ayn\u0131 paralelde olmal\u0131d\u0131r. Kendi i\u00e7inde tutarl\u0131, birbirine destek ve yard\u0131mc\u0131 olan ekipler, projenin ne kadar ciddiyetle ele ald\u0131\u011f\u0131n\u0131 m\u00fc\u015fterilere g\u00f6steren en b\u00fcy\u00fck kan\u0131tt\u0131r.<\/p>\n\n\n\n\n\n\n<p>G\u00fcn\u00fcm\u00fczdeki reklam mecralar\u0131n\u0131n \u00e7e\u015fitlili\u011fi ve her mecran\u0131n kendine \u00f6zg\u00fc avantajlar\u0131 akl\u0131n\u0131z\u0131 kar\u0131\u015ft\u0131rmaktad\u0131r. Pazarlama faaliyetleri i\u00e7in telefonlar, &#8216;Projenizin en do\u011fru tan\u0131t\u0131m\u0131n\u0131 kendi mecralar\u0131nda yapaca\u011f\u0131n\u0131&#8217; s\u00f6yl\u00fcyor.<br>Kafan\u0131z hi\u00e7 kar\u0131\u015fmas\u0131n, biz var\u0131z&#8230;&nbsp;<\/p>\n\n\n\n\n<p>&nbsp;Yarat\u0131c\u0131l\u0131\u011f\u0131m\u0131zla birle\u015ftirdi\u011fimiz ilanlar\u0131n\u0131z\u0131n ba\u015far\u0131s\u0131n\u0131, internet faaliyetlerinizin pop\u00fclaritesini ve web sitenizin kullan\u0131m \u015feklini \u00f6l\u00e7\u00fcmleyip&nbsp; ona g\u00f6re kendimizi geli\u015ftirir ve bir sonraki ad\u0131m\u0131m\u0131z\u0131 daha bilin\u00e7li atabiliriz. Bu \u00e7al\u0131\u015fmalar\u0131m\u0131zla en do\u011fru verimi alman\u0131z i\u00e7in buraday\u0131z.<\/p>\n\n\n\n\n<p>Yat\u0131r\u0131m yoluyla vatanda\u015fl\u0131k kazanman\u0131n \u00f6n\u00fcn\u00fc a\u00e7an M\u00fctekabiliyet Yasas\u0131&#8217;n\u0131n yat\u0131r\u0131m maliyeti limiti, Ekim 2018 itibar\u0131yla 1 milyon USD&#8217;den 250.000 USD&#8217;ye indirilerekyabanc\u0131 yat\u0131r\u0131mc\u0131y\u0131 cezbetmi\u015ftir. Projenizin yabanc\u0131 yat\u0131r\u0131mc\u0131lara sat\u0131\u015f ve pazarlamas\u0131nda arac\u0131 oluyoruz.<\/p>\n\n\n\n\n\n\n\n\n\n\n<h3>81 \u0130l ve yurtd\u0131\u015f\u0131<\/h3>\n\n\n\n<p style=\"text-align: center\">&#8211; T\u00fcrkiye ve Yurtd\u0131\u015f\u0131na Hizmet<\/p>\n\n\n\n\n<h3>360\u00b0\n H\u0130ZMET<\/h3>\n\n\n\n<p style=\"text-align: center\">&#8211; Sat\u0131\u015f ve Pazarlamay\u0131 Tek Merkezden Y\u00f6netim<\/p>\n\n\n\n\n<h3>KAL\u0130TEL\u0130 H\u0130ZMET<\/h3>\n\n\n\n<p style=\"text-align: center\">&#8211; \u015eeffaf Veri Payla\u015f\u0131m\u0131 <br>&#8211; D\u00fczenli Ayl\u0131k Raporlama&nbsp;<\/p>\n\n\n\n\n\n\n<h3>GER\u00c7EK \u00c7\u00d6Z\u00dcMLER<\/h3>\n\n\n\n<p style=\"text-align: center\">&#8211; \u0130leri D\u00fczey Performans\nAnalizi<br>&#8211; \u0130leri D\u00fczey Optimizasyon<\/p>\n\n\n\n\n<h3>sonu\u00e7 odakl\u0131l\u0131k<\/h3>\n\n\n\n<p style=\"text-align: center\">&#8211; Formlar\u0131n Sat\u0131\u015fa D\u00f6n\u00fc\u015fme Oran\u0131<br>&#8211; Hedef Kitleye Uygun Pazarlama Kanallar\u0131 Se\u00e7imi<br><\/p>\n\n\n\n\n<h3>dijital pazarlama<\/h3>\n\n\n\n<p style=\"text-align: center\">&#8211; Pazarlama Hedeflerini ve M\u00fc\u015fteri Kitlesini Tan\u0131ma&nbsp;<br>&#8211; Performans Odakl\u0131l\u0131k<br><\/p>\n\n\n\n\n\n\n\n\n<h3>B\u0130Z\u0130MLE NEDEN \u00c7ALI\u015eMALISINIZ ?<\/h3>\n\n\n\n<p style=\"text-align: center\"><u><strong>Tek bir \u00e7at\u0131 alt\u0131nda;<\/strong><\/u><\/p><p style=\"text-align: center\">\u2022\nEvrak takibi ve i\u015f y\u00fck\u00fcn\u00fcz\u00fc azalt\u0131p sizin ana faaliyet alan\u0131n\u0131zla ilgilenmeniz i\u00e7in zaman y\u00f6netiminizi kolayla\u015ft\u0131r\u0131yoruz&#8230;&nbsp;<\/p><p style=\"text-align: center\">\u2022\nHedef kitlenizle aran\u0131zda k\u00f6pr\u00fc kuruyoruz&#8230;&nbsp;<\/p><p style=\"text-align: center\">\u2022\nH\u0131zl\u0131 ve karl\u0131 sat\u0131\u015fa kolay ula\u015fman\u0131z\u0131 sa\u011fl\u0131yoruz\u2026&nbsp;<\/p><p style=\"text-align: center;\">\u2022\nK\u00fc\u00e7\u00fck, orta, b\u00fcy\u00fck b\u00fct\u00fcn projeler i\u00e7in T\u00fcrkiye\u2019nin her yerine hizmet veriyoruz\u2026<\/p>\n\n\n\n\n\n<div class=\"wp-block-file aligncenter\"><a id=\"wp-block-file--media-2333c65c-fd3f-4c92-a2c4-53d3ebd8e9d3\" href=\"https:\/\/zenandestate.com\/wp-content\/uploads\/2022\/02\/ZEN-ESTATE.pdf\">T\u00dcRK\u00c7E KATALOG<\/a><a href=\"https:\/\/zenandestate.com\/wp-content\/uploads\/2022\/02\/ZEN-ESTATE.pdf\" class=\"wp-block-file__button\" download aria-describedby=\"wp-block-file--media-2333c65c-fd3f-4c92-a2c4-53d3ebd8e9d3\">\u0130ndir<\/a><\/div>\n\n\n<div class=\"wp-block-file aligncenter\"><a id=\"wp-block-file--media-0914df86-cb36-489f-917a-45aac40d1bc7\" href=\"https:\/\/zenandestate.com\/wp-content\/uploads\/2022\/02\/ZEN-ESTATE-eng-son.pdf\">ENGLISH CATALOG<\/a><a href=\"https:\/\/zenandestate.com\/wp-content\/uploads\/2022\/02\/ZEN-ESTATE-eng-son.pdf\" class=\"wp-block-file__button\" download aria-describedby=\"wp-block-file--media-0914df86-cb36-489f-917a-45aac40d1bc7\">Download<\/a><\/div>\n\n\n<div class=\"wp-block-file aligncenter\"><a id=\"wp-block-file--media-3014e646-a12f-44f2-a786-8ab55b5d1e1e\" href=\"https:\/\/zenandestate.com\/wp-content\/uploads\/2022\/02\/ZEN-ESTATE-arb.pdf\">\u0643\u062a\u0627\u0644\u0648\u062c \u0639\u0631\u0628\u064a<\/a><a href=\"https:\/\/zenandestate.com\/wp-content\/uploads\/2022\/02\/ZEN-ESTATE-arb.pdf\" class=\"wp-block-file__button\" download aria-describedby=\"wp-block-file--media-3014e646-a12f-44f2-a786-8ab55b5d1e1e\">\u062a\u062d\u0645\u064a\u0644<\/a><\/div>\n\n\n","protected":false},"excerpt":{"rendered":"","protected":false},"author":1,"featured_media":0,"parent":0,"menu_order":0,"comment_status":"closed","ping_status":"closed","template":"","meta":{"pagelayer_contact_templates":[],"_pagelayer_content":"","footnotes":""},"class_list":["post-55","page","type-page","status-publish","hentry"],"_links":{"self":[{"href":"https:\/\/zenandestate.com\/tr\/wp-json\/wp\/v2\/pages\/55","targetHints":{"allow":["GET"]}}],"collection":[{"href":"https:\/\/zenandestate.com\/tr\/wp-json\/wp\/v2\/pages"}],"about":[{"href":"https:\/\/zenandestate.com\/tr\/wp-json\/wp\/v2\/types\/page"}],"author":[{"embeddable":true,"href":"https:\/\/zenandestate.com\/tr\/wp-json\/wp\/v2\/users\/1"}],"replies":[{"embeddable":true,"href":"https:\/\/zenandestate.com\/tr\/wp-json\/wp\/v2\/comments?post=55"}],"version-history":[{"count":88,"href":"https:\/\/zenandestate.com\/tr\/wp-json\/wp\/v2\/pages\/55\/revisions"}],"predecessor-version":[{"id":487,"href":"https:\/\/zenandestate.com\/tr\/wp-json\/wp\/v2\/pages\/55\/revisions\/487"}],"wp:attachment":[{"href":"https:\/\/zenandestate.com\/tr\/wp-json\/wp\/v2\/media?parent=55"}],"curies":[{"name":"wp","href":"https:\/\/api.w.org\/{rel}","templated":true}]}}