{"id":462,"date":"2022-02-22T00:52:49","date_gmt":"2022-02-22T00:52:49","guid":{"rendered":"https:\/\/zenandestate.com\/about\/"},"modified":"2022-02-22T00:55:24","modified_gmt":"2022-02-22T00:55:24","slug":"hakkimizda","status":"publish","type":"page","link":"https:\/\/zenandestate.com\/tr\/hakkimizda\/","title":{"rendered":"Hakk\u0131m\u0131zda"},"content":{"rendered":"\n\n\n\n\n<h1 style=\"font-size: 60px; color: rgb(255, 255, 255); text-decoration-style: initial;\">&#8220;Pazarlama sanat\u0131n\u0131n b\u00fcy\u00fck bir \u00e7ogunlugu marka olusturma sanat\u0131d\u0131r.<\/h1><h1 style=\"font-size: 60px; color: rgb(255, 255, 255); text-decoration-style: initial;\">Bir sey marka olmad\u0131g\u0131nda, sadece sat\u0131lan bir mal olarak g\u00f6r\u00fcn\u00fcr.\u201d<br>Philip Kotler<\/h1>\n\n\n\n\n\n\n\n<p>Yurti\u00e7i ve yurtd\u0131\u015f\u0131 b\u00fcy\u00fck markalar\u0131n, A+ projeleri ile elde etti\u011fimiz sat\u0131\u015f pazarlama ve y\u00f6netim deneyimlerimize uzun y\u0131llarda sahip olduk.<\/p>\n\n\n<p>Bu deneyimlerimizle; \u015firketinizin yol haritas\u0131n\u0131 \u00e7izerek, marka<\/p><p>bilinirli\u011finizi \u00f6n plana \u00e7\u0131kart\u0131p kurumsal kimli\u011finizi yaratarak, h\u0131zl\u0131 sat\u0131\u015f aksiyonu alman\u0131z\u0131 sa\u011fl\u0131yoruz.<\/p>\n\n\n<p>Gayrimenkul projenizin pazarlanmas\u0131nda; hedef m\u00fc\u015fteri kitlenizin<\/p><p>belirlenerek, proje isminiz ve logonuzun olu\u015fturulmas\u0131ndan,<\/p><p>fiyatland\u0131rma ve \u015ferefiye \u00e7al\u0131\u015fman\u0131za, sat\u0131\u015f dili ve stratejilerinden,<\/p><p>reklam, bas\u0131n ve halkla ili\u015fkilerinize, \u00f6deme planlar\u0131n\u0131z\u0131n<\/p><p>alternatiflerinden, son \u00fcnitenin hak sahibine teslim edilmesine kadar t\u00fcm a\u015famalar\u0131nda \u00e7\u00f6z\u00fcmler sunuyoruz. Bu \u00e7\u00f6z\u00fcmleri sunarken, yenilikleri ve geli\u015fen teknolojileri kullanarak, titizlikle \u00f6l\u00e7\u00fcmleyip s\u00fcrekli olarak geli\u015ftiriyoruz.<\/p>\n\n\n<p>\u0130\u015f takibini ayn\u0131 \u00e7at\u0131 alt\u0131nda y\u00f6neterek, entegre ve optimize dijital\n\u00e7\u00f6z\u00fcmleri hassasiyet ve \u00f6zveri ile uyguluyoruz.<\/p>\n\n\n<p>Gayrimenkul sekt\u00f6r\u00fcnde fark yaratman\u0131z i\u00e7in tam kapsaml\u0131 profesyonel \u00e7\u00f6z\u00fcmlerimiz ile buraday\u0131z\u2026&nbsp;<\/p>\n\n\n<h6>kurucu<\/h6>\n\n\n<h6>\u00d6ZGE ZENGIN<\/h6>\n\n\n\n\n\n\n\n\n\n\n<h4>V\u0130ZYON<\/h4>\n\n\n<p style=\"text-align: center; );\">Sizlerin, gayrimenkul sekt\u00f6r\u00fcndeki h\u0131zla\nartan rekabet ko\u015fullar\u0131nda, ihtiya\u00e7lar\u0131n\u0131z\u0131\nen do\u011fru \u015fekilde analiz ederek,\nhedeflerinize uygun \u00e7\u00f6z\u00fcmler ile yat\u0131r\u0131m\nkarl\u0131l\u0131\u011f\u0131n\u0131z\u0131 \u00f6n planda tutarak k\u00fcresel\n\u00e7apta bir \u015firket olmay\u0131 hedefliyoruz\u2026<\/p>\n\n\n\n\n<h4>M\u0130SYON<\/h4>\n\n\n<p style=\"text-align: center; );\">\u0130\u015f ortaklar\u0131m\u0131z ve \u00e7al\u0131\u015fanlar\u0131m\u0131zla;\nm\u00fc\u015fterilerimize, ekip ruhumuzun istikrarl\u0131 ve\ngiri\u015fimcilik de\u011ferlerini \u015feffafl\u0131kla sunarak,\nm\u00fckemmeliyet\u00e7i olma ilkemize g\u00fcvenilirli\u011fimizi kat\u0131p t\u00fcm g\u00fcc\u00fcm\u00fczle \u00e7al\u0131\u015fmak\nmisyonumuzdur.<\/p>\n\n\n","protected":false},"excerpt":{"rendered":"","protected":false},"author":1,"featured_media":0,"parent":0,"menu_order":0,"comment_status":"closed","ping_status":"closed","template":"","meta":{"pagelayer_contact_templates":[],"_pagelayer_content":"","footnotes":""},"class_list":["post-462","page","type-page","status-publish","hentry"],"_links":{"self":[{"href":"https:\/\/zenandestate.com\/tr\/wp-json\/wp\/v2\/pages\/462","targetHints":{"allow":["GET"]}}],"collection":[{"href":"https:\/\/zenandestate.com\/tr\/wp-json\/wp\/v2\/pages"}],"about":[{"href":"https:\/\/zenandestate.com\/tr\/wp-json\/wp\/v2\/types\/page"}],"author":[{"embeddable":true,"href":"https:\/\/zenandestate.com\/tr\/wp-json\/wp\/v2\/users\/1"}],"replies":[{"embeddable":true,"href":"https:\/\/zenandestate.com\/tr\/wp-json\/wp\/v2\/comments?post=462"}],"version-history":[{"count":2,"href":"https:\/\/zenandestate.com\/tr\/wp-json\/wp\/v2\/pages\/462\/revisions"}],"predecessor-version":[{"id":465,"href":"https:\/\/zenandestate.com\/tr\/wp-json\/wp\/v2\/pages\/462\/revisions\/465"}],"wp:attachment":[{"href":"https:\/\/zenandestate.com\/tr\/wp-json\/wp\/v2\/media?parent=462"}],"curies":[{"name":"wp","href":"https:\/\/api.w.org\/{rel}","templated":true}]}}