{"id":246,"date":"2022-02-16T06:51:36","date_gmt":"2022-02-16T06:51:36","guid":{"rendered":"https:\/\/zenandestate.com\/processes\/"},"modified":"2022-02-18T13:22:11","modified_gmt":"2022-02-18T13:22:11","slug":"yurtdisi-satis-ve-pazarlama","status":"publish","type":"page","link":"https:\/\/zenandestate.com\/tr\/yurtdisi-satis-ve-pazarlama\/","title":{"rendered":"Yurtd\u0131\u015f\u0131 Sat\u0131\u015f ve Pazarlama"},"content":{"rendered":"\n\n\n<h5><span style=\"color: #c7ae6bff;font-size:32px\">6. <\/span>YURTDI\u015eI SATI\u015e VE PAZARLAMA<\/h5>\n\n<p style=\"text-align: center\">Yat\u0131r\u0131m yoluyla vatanda\u015fl\u0131k kazanman\u0131n \u00f6n\u00fcn\u00fc a\u00e7an M\u00fctekabiliyet Yasas\u0131&#8217;n\u0131n yat\u0131r\u0131m maliyeti limiti, Ekim 2018 itibar\u0131yla 1 milyon USD&#8217;den 250.000 USD&#8217;ye indirilerekyabanc\u0131 yat\u0131r\u0131mc\u0131y\u0131 cezbetmi\u015ftir. Projenizin yabanc\u0131 yat\u0131r\u0131mc\u0131lara sat\u0131\u015f ve pazarlamas\u0131nda arac\u0131 oluyoruz.\n\n<\/p>\n\n\n\n&#8211; Yurtd\u0131\u015f\u0131 acente a\u011f\u0131m\u0131zla sat\u0131\u015f,&nbsp;<p>&#8211; Yurti\u00e7i acente a\u011f\u0131m\u0131zla sat\u0131\u015f,&nbsp;<\/p><p>&#8211; Yabanc\u0131lara do\u011frudan sat\u0131\u015f,&nbsp;<\/p><p>&#8211; Yurtd\u0131\u015f\u0131 do\u011frudan pazarlama,&nbsp;<\/p><p>&#8211; Yurtd\u0131\u015f\u0131 acente a\u011f\u0131m\u0131zla pazarlama.<\/p>\n\n\nn\n\n\n\n\n\n\n\n\n\n\n\n<h1>&#8220;Pazarlama, b\u00fct\u00fcn isi m\u00fcsterilerinin bak\u0131s a\u00e7\u0131s\u0131ndan g\u00f6rmektir.&#8221;<br>Peter Drucker<\/h1>\n\n\n","protected":false},"excerpt":{"rendered":"","protected":false},"author":1,"featured_media":0,"parent":0,"menu_order":0,"comment_status":"closed","ping_status":"closed","template":"","meta":{"pagelayer_contact_templates":[],"_pagelayer_content":"","footnotes":""},"class_list":["post-246","page","type-page","status-publish","hentry"],"_links":{"self":[{"href":"https:\/\/zenandestate.com\/tr\/wp-json\/wp\/v2\/pages\/246","targetHints":{"allow":["GET"]}}],"collection":[{"href":"https:\/\/zenandestate.com\/tr\/wp-json\/wp\/v2\/pages"}],"about":[{"href":"https:\/\/zenandestate.com\/tr\/wp-json\/wp\/v2\/types\/page"}],"author":[{"embeddable":true,"href":"https:\/\/zenandestate.com\/tr\/wp-json\/wp\/v2\/users\/1"}],"replies":[{"embeddable":true,"href":"https:\/\/zenandestate.com\/tr\/wp-json\/wp\/v2\/comments?post=246"}],"version-history":[{"count":8,"href":"https:\/\/zenandestate.com\/tr\/wp-json\/wp\/v2\/pages\/246\/revisions"}],"predecessor-version":[{"id":393,"href":"https:\/\/zenandestate.com\/tr\/wp-json\/wp\/v2\/pages\/246\/revisions\/393"}],"wp:attachment":[{"href":"https:\/\/zenandestate.com\/tr\/wp-json\/wp\/v2\/media?parent=246"}],"curies":[{"name":"wp","href":"https:\/\/api.w.org\/{rel}","templated":true}]}}