{"id":243,"date":"2022-02-16T06:51:13","date_gmt":"2022-02-16T06:51:13","guid":{"rendered":"https:\/\/zenandestate.com\/processes\/"},"modified":"2022-02-18T13:21:25","modified_gmt":"2022-02-18T13:21:25","slug":"kreatif-ajans-2","status":"publish","type":"page","link":"https:\/\/zenandestate.com\/tr\/kreatif-ajans-2\/","title":{"rendered":"Kreatif Ajans"},"content":{"rendered":"\n\n\n<h5><span style=\"color: #c7ae6bff;font-size:32px\">5. <\/span>KREAT\u0130F AJANS<\/h5>\n\n<p style=\"text-align: center\">Yarat\u0131c\u0131l\u0131\u011f\u0131m\u0131zla birle\u015ftirdi\u011fimiz ilanlar\u0131n\u0131z\u0131n ba\u015far\u0131s\u0131n\u0131, internet faaliyetlerinizin pop\u00fclaritesini ve web sitenizin kullan\u0131m \u015feklini \u00f6l\u00e7\u00fcmleyip&nbsp; ona g\u00f6re kendimizi geli\u015ftirir ve bir sonraki ad\u0131m\u0131m\u0131z\u0131 daha bilin\u00e7li atabiliriz. Bu \u00e7al\u0131\u015fmalar\u0131m\u0131zla en do\u011fru verimi alman\u0131z i\u00e7in buraday\u0131z.\n\n<\/p>\n\n\n&#8211; Dijital, sosyal medya ve PR hesaplar\u0131na i\u00e7erik \u00fcretilmesi ve y\u00f6netimi,&nbsp;<div>&#8211; WordPress, HTML (\u00f6zel yaz\u0131l\u0131m) web sitesi ve landing page yap\u0131m\u0131,&nbsp;<\/div><div>&#8211; (Kurumsal bask\u0131l\u0131 materyaller) Antetli k\u00e2\u011f\u0131t, kartvizitler, zarflar, cepli teklif dosyas\u0131, muhasebe evraklar\u0131, m\u00fc\u015fteri bilgi formu, kaparo formu ve yaka kart\u0131 haz\u0131rlama,&nbsp;<\/div><div>&#8211; Promosyon malzemeleri (tan\u0131t\u0131ma y\u00f6nelik bas\u0131l\u0131 materyaller, poster, bro\u015f\u00fcr, insert, karton torba),&nbsp;<\/div><div>&#8211; \u015eube giydirmeleri,&nbsp;<\/div><div>&#8211; Outdoor (totem, pole banner, parapet, duvar ve billboard) giydirmeleri,&nbsp;<\/div><div>&#8211; \u0130leti\u015fim kampanyas\u0131 \u00e7al\u0131\u015fmalar\u0131,&nbsp;<\/div><div>&#8211; Google search reklamlar\u0131.<\/div>\n\n\nn\n\n\n\n\n\n\n\n\n\n\n\n<h1>&#8220;Pazarlama, b\u00fct\u00fcn isi m\u00fcsterilerinin bak\u0131s a\u00e7\u0131s\u0131ndan g\u00f6rmektir.&#8221;<br>Peter Drucker<\/h1>\n\n\n","protected":false},"excerpt":{"rendered":"","protected":false},"author":1,"featured_media":0,"parent":0,"menu_order":0,"comment_status":"closed","ping_status":"closed","template":"","meta":{"pagelayer_contact_templates":[],"_pagelayer_content":"","footnotes":""},"class_list":["post-243","page","type-page","status-publish","hentry"],"_links":{"self":[{"href":"https:\/\/zenandestate.com\/tr\/wp-json\/wp\/v2\/pages\/243","targetHints":{"allow":["GET"]}}],"collection":[{"href":"https:\/\/zenandestate.com\/tr\/wp-json\/wp\/v2\/pages"}],"about":[{"href":"https:\/\/zenandestate.com\/tr\/wp-json\/wp\/v2\/types\/page"}],"author":[{"embeddable":true,"href":"https:\/\/zenandestate.com\/tr\/wp-json\/wp\/v2\/users\/1"}],"replies":[{"embeddable":true,"href":"https:\/\/zenandestate.com\/tr\/wp-json\/wp\/v2\/comments?post=243"}],"version-history":[{"count":7,"href":"https:\/\/zenandestate.com\/tr\/wp-json\/wp\/v2\/pages\/243\/revisions"}],"predecessor-version":[{"id":392,"href":"https:\/\/zenandestate.com\/tr\/wp-json\/wp\/v2\/pages\/243\/revisions\/392"}],"wp:attachment":[{"href":"https:\/\/zenandestate.com\/tr\/wp-json\/wp\/v2\/media?parent=243"}],"curies":[{"name":"wp","href":"https:\/\/api.w.org\/{rel}","templated":true}]}}