{"id":462,"date":"2022-02-22T00:52:49","date_gmt":"2022-02-22T00:52:49","guid":{"rendered":"https:\/\/zenandestate.com\/about\/"},"modified":"2022-02-22T00:55:24","modified_gmt":"2022-02-22T00:55:24","slug":"hakkimizda","status":"publish","type":"page","link":"https:\/\/zenandestate.com\/en\/hakkimizda\/","title":{"rendered":"ABOUT US"},"content":{"rendered":"<h1 style=\"font-size: 60px; color: rgb(255, 255, 255); text-decoration-style: initial;\">&#8220;Pazarlama sanat\u0131n\u0131n b\u00fcy\u00fck bir \u00e7ogunlugu marka olusturma sanat\u0131d\u0131r.<\/h1><h1 style=\"font-size: 60px; color: rgb(255, 255, 255); text-decoration-style: initial;\" class=\"translation-block\">If you are not a brand, you are a commodity, then the low-cost producer is the only winner.\"<br>Philip Kotler<\/h1>\n\n\n\n\n\n\n\n<p>We have had sales marketing and management experiences that we\nhave gained through A+ projects of domestic and international big\nbrands for many years.<\/p>\n\n\n<p>With these experiences ; we enable you to take fast sales action by<\/p><p>drawing the roadmap of your company , highlighting your brand\nawareness , and creating your corporate identity.<\/p>\n\n\n<p>In the marketing of your real estate project ; we offer solutions at all<\/p><p>stages from identifying your target customer group , creating your<\/p><p>project name and logo, to your pricing and leverage,from sales language<\/p><p>and strategies , to your advertising , press and public relations,<\/p><p>from alternatives to your payment plans to the delivery of the last unit to the rightful owner.<\/p>\n\n\n<p>While offering these solutions , we measure them meticulously and\ndevelop them continuously by using innovations and developing\ntechnologies . By managing business follow up under the same roof , we\nimplement integrated and optimized digital solutions with precision and\ndevotion.<\/p>\n\n\n<p>We are here with our full range of professional solutions for you to make a difference in the real estate sector.&nbsp;<\/p>\n\n\n<h6>FOUNDER<\/h6>\n\n\n<h6>\u00d6ZGE ZENGIN<\/h6>\n\n\n\n\n\n\n\n\n\n\n<h4>VISION<\/h4>\n\n\n<p style=\"text-align: center; );\">We aim to be a global company by\nanalyzing your needs in the most accurate\nway and keeping your investment\nprofitability in the forefront with solutions\nsuitable for your goals in the rapidly\nincreasing competition conditions in the\nreal estate sector.<\/p>\n\n\n\n\n<h4>MISSION<\/h4>\n\n\n<p style=\"text-align: center; );\">With our business partners and employees; it is\nour mission to work with all our strength by\nadding the reliability of ZEN &amp; ESTATE to our\nprinciple of being a perfectionist by presenting\nthe stable and entrepreneurial values of our\nteam spirit to our customers with transparency.<\/p>","protected":false},"excerpt":{"rendered":"","protected":false},"author":1,"featured_media":0,"parent":0,"menu_order":0,"comment_status":"closed","ping_status":"closed","template":"","meta":{"pagelayer_contact_templates":[],"_pagelayer_content":"","footnotes":""},"class_list":["post-462","page","type-page","status-publish","hentry"],"_links":{"self":[{"href":"https:\/\/zenandestate.com\/en\/wp-json\/wp\/v2\/pages\/462","targetHints":{"allow":["GET"]}}],"collection":[{"href":"https:\/\/zenandestate.com\/en\/wp-json\/wp\/v2\/pages"}],"about":[{"href":"https:\/\/zenandestate.com\/en\/wp-json\/wp\/v2\/types\/page"}],"author":[{"embeddable":true,"href":"https:\/\/zenandestate.com\/en\/wp-json\/wp\/v2\/users\/1"}],"replies":[{"embeddable":true,"href":"https:\/\/zenandestate.com\/en\/wp-json\/wp\/v2\/comments?post=462"}],"version-history":[{"count":2,"href":"https:\/\/zenandestate.com\/en\/wp-json\/wp\/v2\/pages\/462\/revisions"}],"predecessor-version":[{"id":465,"href":"https:\/\/zenandestate.com\/en\/wp-json\/wp\/v2\/pages\/462\/revisions\/465"}],"wp:attachment":[{"href":"https:\/\/zenandestate.com\/en\/wp-json\/wp\/v2\/media?parent=462"}],"curies":[{"name":"wp","href":"https:\/\/api.w.org\/{rel}","templated":true}]}}