{"id":240,"date":"2022-02-16T06:50:56","date_gmt":"2022-02-16T06:50:56","guid":{"rendered":"https:\/\/zenandestate.com\/processes\/"},"modified":"2022-02-22T00:00:38","modified_gmt":"2022-02-22T00:00:38","slug":"proje-pazarlama-ve-reklam-yonetimi","status":"publish","type":"page","link":"https:\/\/zenandestate.com\/en\/proje-pazarlama-ve-reklam-yonetimi\/","title":{"rendered":"PROJECT MARKETING &amp; ADVERTISING\nMANAGEMENT"},"content":{"rendered":"<h5><span style=\"color: #c7ae6bff;font-size:32px\">4. <\/span>PROJECT MARKETING &amp;\nADVERTISING\nMANAGEMENT<\/h5>\n\n<p style=\"text-align: center\">The diversity of today's advertising\nchannels and the unique advantages of\neach medium confuses you. <br>Pazarlama faaliyetleri i\u00e7in telefonlar, &#8216;Projenizin en do\u011fru tan\u0131t\u0131m\u0131n\u0131 kendi mecralar\u0131nda yapaca\u011f\u0131n\u0131&#8217; s\u00f6yl\u00fcyor.<br>Kafan\u0131z hi\u00e7 kar\u0131\u015fmas\u0131n, biz var\u0131z&#8230;\n\n<\/p>\n\n\n<p class=\"MsoNormal\"><span lang=\"RU\">&#8211; Stratejik marka ileti\u015fiminin\nyap\u0131land\u0131r\u0131lmas\u0131,<br>\n&#8211; Proje pazarlama stratejisi ve lansman plan\u0131n\u0131n haz\u0131rlanmas\u0131,<br>\n&#8211; Call Center deste\u011fi dan\u0131\u015fmanl\u0131\u011f\u0131,<br>\n&#8211; CRM sistemi kurulumu ve veri taban\u0131 y\u00f6netimi dan\u0131\u015fmanl\u0131\u011f\u0131,<br>\n&#8211; B\u00f6lge pazar ve fiyat analizi \u00e7al\u0131\u015fmalar\u0131,<br>\n&#8211; Proje isim, logo, kurumsal kimlik, katalog ve bro\u015f\u00fcr yap\u0131land\u0131rmas\u0131,<br>\n&#8211; Gizli M\u00fc\u015fteri \u00e7al\u0131\u015fmalar\u0131 ve y\u00f6netimi,<br>\n&#8211; Hedef kitle tan\u0131mlamalar\u0131n\u0131n yap\u0131lmas\u0131,<br>\n&#8211; Maket firmas\u0131 se\u00e7iminin y\u00f6nlendirilmesi ve \u00f6l\u00e7ekli planlara uygun se\u00e7imi,<br>\n&#8211; \u0130\u015f orta\u011f\u0131 firman\u0131n \u00e7al\u0131\u015fmakta oldu\u011fu Kreatif Ajans, Dijital Ajans ve PR\najans\u0131 yoksa g\u00f6r\u00fc\u015fmelerinin y\u00f6netimi ve do\u011fru ajans\u0131n firma ile\nbulu\u015fturulmas\u0131n\u0131n sa\u011flanmas\u0131,<br><br><\/span><\/p>\n\n\nn\n\n\n\n\nn\n\n\n<p class=\"MsoNormal\"><span lang=\"RU\">&#8211; Stratejik marka ileti\u015fiminin\nyap\u0131land\u0131r\u0131lmas\u0131,<br>\n&#8211; G\u00fcncel pazarlama \u00e7\u00f6z\u00fcm \u00f6nerileri sunulmas\u0131,&nbsp;<\/span><\/p><p class=\"MsoNormal\"><span lang=\"RU\">&#8211; Web sitesi kurulumunu sa\u011flanmas\u0131 (WordPress ya da HTML \u00f6zel yaz\u0131l\u0131m),&nbsp;<\/span><\/p><p class=\"MsoNormal\"><span lang=\"RU\">&#8211; Medya planlama, outdoor, parapet, direk reklam planlama ve sat\u0131n alma y\u00f6netimi,&nbsp;<\/span><\/p><p class=\"MsoNormal\"><span lang=\"RU\">&#8211; Sosyal medya y\u00f6netimi ve i\u00e7eri\u011finin haz\u0131rlanmas\u0131,&nbsp;<\/span><\/p><p class=\"MsoNormal\"><span lang=\"RU\">&#8211; 360\u00b0 sanal tur ve render firmas\u0131 ile i\u015f orta\u011f\u0131n\u0131n bulu\u015fturulmas\u0131,&nbsp;<\/span><\/p><p class=\"MsoNormal\"><span lang=\"RU\">&#8211; D\u0131\u015f g\u00f6rseller, boyal\u0131 planlar, 3D animasyon firmalar\u0131n\u0131n se\u00e7imi ve tamamlanmas\u0131,&nbsp;<\/span><\/p><p class=\"MsoNormal\"><span lang=\"RU\">&#8211; ATL (\u00e7izgi \u00fcst\u00fc) ve BTL (\u00e7izgi alt\u0131) ajanslarla s\u00fcre\u00e7 y\u00f6netimi,\n&#8211; Medya sat\u0131n alma faaliyetleri.\n<br><br><\/span><\/p>\n\n\n\n\n\n\n\n\n\n\n\n<h1>&#8220;Pazarlama, b\u00fct\u00fcn isi m\u00fcsterilerinin bak\u0131s a\u00e7\u0131s\u0131ndan g\u00f6rmektir.&#8221;<br>Peter Drucker<\/h1>","protected":false},"excerpt":{"rendered":"","protected":false},"author":1,"featured_media":0,"parent":0,"menu_order":0,"comment_status":"closed","ping_status":"closed","template":"","meta":{"pagelayer_contact_templates":[],"_pagelayer_content":"","footnotes":""},"class_list":["post-240","page","type-page","status-publish","hentry"],"_links":{"self":[{"href":"https:\/\/zenandestate.com\/en\/wp-json\/wp\/v2\/pages\/240","targetHints":{"allow":["GET"]}}],"collection":[{"href":"https:\/\/zenandestate.com\/en\/wp-json\/wp\/v2\/pages"}],"about":[{"href":"https:\/\/zenandestate.com\/en\/wp-json\/wp\/v2\/types\/page"}],"author":[{"embeddable":true,"href":"https:\/\/zenandestate.com\/en\/wp-json\/wp\/v2\/users\/1"}],"replies":[{"embeddable":true,"href":"https:\/\/zenandestate.com\/en\/wp-json\/wp\/v2\/comments?post=240"}],"version-history":[{"count":10,"href":"https:\/\/zenandestate.com\/en\/wp-json\/wp\/v2\/pages\/240\/revisions"}],"predecessor-version":[{"id":451,"href":"https:\/\/zenandestate.com\/en\/wp-json\/wp\/v2\/pages\/240\/revisions\/451"}],"wp:attachment":[{"href":"https:\/\/zenandestate.com\/en\/wp-json\/wp\/v2\/media?parent=240"}],"curies":[{"name":"wp","href":"https:\/\/api.w.org\/{rel}","templated":true}]}}